{"id":4379,"date":"2022-08-09T02:48:36","date_gmt":"2022-08-09T02:48:36","guid":{"rendered":"https:\/\/londresviagenseturis1767731715000.1952042.meusitehostgator.com.br\/?post_type=product&#038;p=4379"},"modified":"2026-03-23T12:33:14","modified_gmt":"2026-03-23T12:33:14","slug":"londres-inglaterra","status":"publish","type":"product","link":"https:\/\/londrestour.com.br\/pt\/produto\/londres-inglaterra\/","title":{"rendered":"City Tour \u2013 Londres 4 horas."},"content":{"rendered":"<h2 data-start=\"49\" data-end=\"88\">Tour Panor\u00e2mico em Londres \u2013 4 horas<\/h2>\n<p data-start=\"90\" data-end=\"270\">Descubra o melhor da capital brit\u00e2nica em um passeio completo pelos seus marcos mais emblem\u00e1ticos, combinando hist\u00f3ria, realeza,<\/p>\n<p data-start=\"90\" data-end=\"270\">pol\u00edtica e cultura em uma experi\u00eancia inesquec\u00edvel.<\/p>\n<p data-start=\"272\" data-end=\"465\"><strong data-start=\"272\" data-end=\"313\"><span class=\"hover:entity-accent entity-underline inline cursor-pointer align-baseline\"><span class=\"whitespace-normal\">Buckingham Palace<\/span><\/span><\/strong><br data-start=\"313\" data-end=\"316\" \/>S\u00edmbolo m\u00e1ximo da monarquia brit\u00e2nica e resid\u00eancia oficial do rei. Um dos cen\u00e1rios mais ic\u00f4nicos de Londres, famoso pela tradicional<\/p>\n<p data-start=\"272\" data-end=\"465\">Troca da Guarda.<\/p>\n<p data-start=\"467\" data-end=\"638\"><strong data-start=\"467\" data-end=\"508\"><span class=\"hover:entity-accent entity-underline inline cursor-pointer align-baseline\"><span class=\"whitespace-normal\"><span dir=\"auto\" style=\"vertical-align: inherit;\"><span dir=\"auto\" style=\"vertical-align: inherit;\"><span dir=\"auto\" style=\"vertical-align: inherit;\"><span dir=\"auto\" style=\"vertical-align: inherit;\"><span dir=\"auto\" style=\"vertical-align: inherit;\"><span dir=\"auto\" style=\"vertical-align: inherit;\">Westminster Abbey<\/span><\/span><\/span><\/span><\/span><\/span><\/span><\/span><\/strong><br data-start=\"508\" data-end=\"511\" \/><span dir=\"auto\" style=\"vertical-align: inherit;\"><span dir=\"auto\" style=\"vertical-align: inherit;\"><span dir=\"auto\" style=\"vertical-align: inherit;\"><span dir=\"auto\" style=\"vertical-align: inherit;\"><span dir=\"auto\" style=\"vertical-align: inherit;\"><span dir=\"auto\" style=\"vertical-align: inherit;\"> Ber\u00e7o de coroa\u00e7\u00f5es e palco de casamentos reais. Uma obra-prima da arquitetura g\u00f3tica que guarda s\u00e9culos de hist\u00f3ria brit\u00e2nica.<\/span><\/span><\/span><\/span><\/span><\/span><\/p>\n<p data-start=\"640\" data-end=\"808\"><strong data-start=\"640\" data-end=\"681\"><span class=\"hover:entity-accent entity-underline inline cursor-pointer align-baseline\"><span class=\"whitespace-normal\">Big Ben<\/span><\/span><\/strong><br data-start=\"681\" data-end=\"684\" \/>O rel\u00f3gio mais famoso do mundo, verdadeiro guardi\u00e3o do tempo londrino e um dos cart\u00f5es-postais mais reconhecidos do planeta.<\/p>\n<p data-start=\"810\" data-end=\"966\"><strong data-start=\"810\" data-end=\"851\"><span class=\"hover:entity-accent entity-underline inline cursor-pointer align-baseline\"><span class=\"whitespace-normal\">Palace of Westminster<\/span><\/span><\/strong><br data-start=\"851\" data-end=\"854\" \/>Sede do Parlamento do Reino Unido, imponente \u00e0s margens do Rio T\u00e2misa, representando o cora\u00e7\u00e3o pol\u00edtico do pa\u00eds.<\/p>\n<p data-start=\"968\" data-end=\"1113\"><strong data-start=\"968\" data-end=\"1009\"><span class=\"hover:entity-accent entity-underline inline cursor-pointer align-baseline\"><span class=\"whitespace-normal\">London Eye<\/span><\/span><\/strong><br data-start=\"1009\" data-end=\"1012\" \/>Uma das rodas-gigantes mais famosas do mundo, oferecendo uma vista panor\u00e2mica deslumbrante da cidade.<\/p>\n<p data-start=\"1115\" data-end=\"1253\"><strong data-start=\"1115\" data-end=\"1156\"><span class=\"hover:entity-accent entity-underline inline cursor-pointer align-baseline\"><span class=\"whitespace-normal\"><span dir=\"auto\" style=\"vertical-align: inherit;\"><span dir=\"auto\" style=\"vertical-align: inherit;\"><span dir=\"auto\" style=\"vertical-align: inherit;\"><span dir=\"auto\" style=\"vertical-align: inherit;\"><span dir=\"auto\" style=\"vertical-align: inherit;\"><span dir=\"auto\" style=\"vertical-align: inherit;\">Trafalgar Square<\/span><\/span><\/span><\/span><\/span><\/span><\/span><\/span><\/strong><br data-start=\"1156\" data-end=\"1159\" \/><span dir=\"auto\" style=\"vertical-align: inherit;\"><span dir=\"auto\" style=\"vertical-align: inherit;\"><span dir=\"auto\" style=\"vertical-align: inherit;\"><span dir=\"auto\" style=\"vertical-align: inherit;\"><span dir=\"auto\" style=\"vertical-align: inherit;\"><span dir=\"auto\" style=\"vertical-align: inherit;\"> Centro cultural vibrante, palco de eventos, manifesta\u00e7\u00f5es e celebra\u00e7\u00f5es que d\u00e3o vida \u00e0 cidade.<\/span><\/span><\/span><\/span><\/span><\/span><\/p>\n<p data-start=\"1255\" data-end=\"1394\"><strong data-start=\"1255\" data-end=\"1296\"><span class=\"hover:entity-accent entity-underline inline cursor-pointer align-baseline\"><span class=\"whitespace-normal\"><span dir=\"auto\" style=\"vertical-align: inherit;\"><span dir=\"auto\" style=\"vertical-align: inherit;\"><span dir=\"auto\" style=\"vertical-align: inherit;\"><span dir=\"auto\" style=\"vertical-align: inherit;\"><span dir=\"auto\" style=\"vertical-align: inherit;\"><span dir=\"auto\" style=\"vertical-align: inherit;\">Pal\u00e1cio de St James<\/span><\/span><\/span><\/span><\/span><\/span><\/span><\/span><\/strong><br data-start=\"1296\" data-end=\"1299\" \/><span dir=\"auto\" style=\"vertical-align: inherit;\"><span dir=\"auto\" style=\"vertical-align: inherit;\"><span dir=\"auto\" style=\"vertical-align: inherit;\"><span dir=\"auto\" style=\"vertical-align: inherit;\"><span dir=\"auto\" style=\"vertical-align: inherit;\"><span dir=\"auto\" style=\"vertical-align: inherit;\"> Uma das resid\u00eancias reais mais antigas de Londres, s\u00edmbolo da tradi\u00e7\u00e3o aristocr\u00e1tica brit\u00e2nica.<\/span><\/span><\/span><\/span><\/span><\/span><\/p>\n<hr data-start=\"1396\" data-end=\"1399\" \/>\n<p data-start=\"1401\" data-end=\"1552\" data-is-last-node=\"\" data-is-only-node=\"\">Em apenas quatro horas, voc\u00ea percorre s\u00e9culos de hist\u00f3ria e alguns dos cen\u00e1rios mais emblem\u00e1ticos do mundo \u2014 um panorama completo da ess\u00eancia londrina.<\/p>","protected":false},"excerpt":{"rendered":"<p>Tour Panor\u00e2mico em Londres \u2013 4 horas Descubra o melhor da capital brit\u00e2nica em um passeio completo pelos seus marcos mais emblem\u00e1ticos, combinando hist\u00f3ria, realeza, pol\u00edtica e cultura em uma [&hellip;]<\/p>\n","protected":false},"featured_media":9774,"comment_status":"open","ping_status":"closed","template":"","meta":{"pagelayer_contact_templates":[],"_pagelayer_content":""},"product_brand":[],"product_cat":[110,15],"product_tag":[176],"class_list":{"0":"post-4379","1":"product","2":"type-product","3":"status-publish","4":"has-post-thumbnail","6":"brw_tour_types-passeios-curtos","7":"product_cat-city-tour-londres","8":"product_cat-uncategorized","9":"product_tag-city-tours","11":"first","12":"instock","13":"shipping-taxable","14":"purchasable","15":"product-type-ovabrw_car_rental","16":"add-to-wishlist-after_add_to_cart"},"jetpack_sharing_enabled":true,"_links":{"self":[{"href":"https:\/\/londrestour.com.br\/pt\/wp-json\/wp\/v2\/product\/4379","targetHints":{"allow":["GET"]}}],"collection":[{"href":"https:\/\/londrestour.com.br\/pt\/wp-json\/wp\/v2\/product"}],"about":[{"href":"https:\/\/londrestour.com.br\/pt\/wp-json\/wp\/v2\/types\/product"}],"replies":[{"embeddable":true,"href":"https:\/\/londrestour.com.br\/pt\/wp-json\/wp\/v2\/comments?post=4379"}],"wp:featuredmedia":[{"embeddable":true,"href":"https:\/\/londrestour.com.br\/pt\/wp-json\/wp\/v2\/media\/9774"}],"wp:attachment":[{"href":"https:\/\/londrestour.com.br\/pt\/wp-json\/wp\/v2\/media?parent=4379"}],"wp:term":[{"taxonomy":"product_brand","embeddable":true,"href":"https:\/\/londrestour.com.br\/pt\/wp-json\/wp\/v2\/product_brand?post=4379"},{"taxonomy":"product_cat","embeddable":true,"href":"https:\/\/londrestour.com.br\/pt\/wp-json\/wp\/v2\/product_cat?post=4379"},{"taxonomy":"product_tag","embeddable":true,"href":"https:\/\/londrestour.com.br\/pt\/wp-json\/wp\/v2\/product_tag?post=4379"}],"curies":[{"name":"wp","href":"https:\/\/api.w.org\/{rel}","templated":true}]}}