{"id":9711,"date":"2026-01-31T21:43:12","date_gmt":"2026-01-31T21:43:12","guid":{"rendered":"https:\/\/londresviagenseturis1767731715000.1952042.meusitehostgator.com.br\/?post_type=product&#038;p=9711"},"modified":"2026-03-23T13:26:39","modified_gmt":"2026-03-23T13:26:39","slug":"city-tour-londres-7-horas-2","status":"publish","type":"product","link":"https:\/\/londrestour.com.br\/pt\/produto\/city-tour-londres-7-horas-2\/","title":{"rendered":"City Tour \u2013 Londres 7 horas"},"content":{"rendered":"<h2 data-start=\"119\" data-end=\"158\">Tour Panor\u00e2mico em Londres \u2013 7 horas<\/h2>\n<p data-start=\"160\" data-end=\"301\">Uma imers\u00e3o profunda pela capital brit\u00e2nica, combinando realeza, hist\u00f3ria medieval, pol\u00edtica, cultura urbana e refer\u00eancias da m\u00fasica mundial.<\/p>\n<p data-start=\"303\" data-end=\"406\"><strong data-start=\"303\" data-end=\"344\"><span class=\"hover:entity-accent entity-underline inline cursor-pointer align-baseline\"><span class=\"whitespace-normal\">Buckingham Palace<\/span><\/span><\/strong><br data-start=\"344\" data-end=\"347\" \/>Resid\u00eancia oficial do rei e s\u00edmbolo da monarquia brit\u00e2nica.<\/p>\n<p data-start=\"408\" data-end=\"518\"><strong data-start=\"408\" data-end=\"449\"><span class=\"hover:entity-accent entity-underline inline cursor-pointer align-baseline\"><span class=\"whitespace-normal\">Westminster Abbey<\/span><\/span><\/strong><br data-start=\"449\" data-end=\"452\" \/>Cen\u00e1rio de coroa\u00e7\u00f5es e casamentos reais, marco hist\u00f3rico da na\u00e7\u00e3o.<\/p>\n<p data-start=\"520\" data-end=\"622\"><strong data-start=\"520\" data-end=\"561\"><span class=\"hover:entity-accent entity-underline inline cursor-pointer align-baseline\"><span class=\"whitespace-normal\">Big Ben<\/span><\/span><\/strong><br data-start=\"561\" data-end=\"564\" \/>O rel\u00f3gio mais famoso do mundo e \u00edcone absoluto da cidade.<\/p>\n<p data-start=\"624\" data-end=\"739\"><strong data-start=\"624\" data-end=\"665\"><span class=\"hover:entity-accent entity-underline inline cursor-pointer align-baseline\"><span class=\"whitespace-normal\">Palace of Westminster<\/span><\/span><\/strong><br data-start=\"665\" data-end=\"668\" \/>Sede do Parlamento e centro da pol\u00edtica brit\u00e2nica \u00e0s margens do T\u00e2misa.<\/p>\n<p data-start=\"741\" data-end=\"828\"><strong data-start=\"741\" data-end=\"782\"><span class=\"hover:entity-accent entity-underline inline cursor-pointer align-baseline\"><span class=\"whitespace-normal\">London Eye<\/span><\/span><\/strong><br data-start=\"782\" data-end=\"785\" \/>Vista panor\u00e2mica impressionante da capital.<\/p>\n<p data-start=\"830\" data-end=\"930\"><strong data-start=\"830\" data-end=\"871\"><span class=\"hover:entity-accent entity-underline inline cursor-pointer align-baseline\"><span class=\"whitespace-normal\">Trafalgar Square<\/span><\/span><\/strong><br data-start=\"871\" data-end=\"874\" \/>Cora\u00e7\u00e3o cultural vibrante e ponto estrat\u00e9gico da cidade.<\/p>\n<p data-start=\"932\" data-end=\"1030\"><strong data-start=\"932\" data-end=\"973\"><span class=\"hover:entity-accent entity-underline inline cursor-pointer align-baseline\"><span class=\"whitespace-normal\">St James&#8217;s Palace<\/span><\/span><\/strong><br data-start=\"973\" data-end=\"976\" \/>Uma das resid\u00eancias reais mais antigas e tradicionais.<\/p>\n<p data-start=\"1032\" data-end=\"1124\"><strong data-start=\"1032\" data-end=\"1073\"><span class=\"hover:entity-accent entity-underline inline cursor-pointer align-baseline\"><span class=\"whitespace-normal\">Piccadilly Circus<\/span><\/span><\/strong><br data-start=\"1073\" data-end=\"1076\" \/>Luzes, movimento e a energia urbana do West End.<\/p>\n<p data-start=\"1126\" data-end=\"1231\"><strong data-start=\"1126\" data-end=\"1167\"><span class=\"hover:entity-accent entity-underline inline cursor-pointer align-baseline\"><span class=\"whitespace-normal\">Chinatown London<\/span><\/span><\/strong><br data-start=\"1167\" data-end=\"1170\" \/>Tradii\u00e7\u00e3o oriental no centro de Londres, com atmosfera \u00fanica.<\/p>\n<p data-start=\"1233\" data-end=\"1347\"><strong data-start=\"1233\" data-end=\"1274\"><span class=\"hover:entity-accent entity-underline inline cursor-pointer align-baseline\"><span class=\"whitespace-normal\">Tower of London<\/span><\/span><\/strong><br data-start=\"1274\" data-end=\"1277\" \/>Fortaleza medieval que abriga as Joias da Coroa e s\u00e9culos de mist\u00e9rio.<\/p>\n<p data-start=\"1349\" data-end=\"1463\"><strong data-start=\"1349\" data-end=\"1392\"><span class=\"hover:entity-accent entity-underline inline cursor-pointer align-baseline\"><span class=\"whitespace-normal\">Tower Bridge<\/span><\/span><\/strong><br data-start=\"1392\" data-end=\"1395\" \/>Cart\u00e3o-postal cl\u00e1ssico e um dos cen\u00e1rios mais fotografados do mundo.<\/p>\n<p data-start=\"1465\" data-end=\"1568\"><strong data-start=\"1465\" data-end=\"1508\"><span class=\"hover:entity-accent entity-underline inline cursor-pointer align-baseline\"><span class=\"whitespace-normal\">Notting Hill<\/span><\/span><\/strong><br data-start=\"1508\" data-end=\"1511\" \/>Bairro charmoso, casas coloridas e clima cinematogr\u00e1fico.<\/p>\n<p data-start=\"1570\" data-end=\"1732\"><strong data-start=\"1570\" data-end=\"1613\"><span class=\"hover:entity-accent entity-underline inline cursor-pointer align-baseline\"><span class=\"whitespace-normal\">Abbey Road<\/span><\/span><\/strong><br data-start=\"1613\" data-end=\"1616\" \/>A travessia eternizada pelos <span class=\"hover:entity-accent entity-underline inline cursor-pointer align-baseline\"><span class=\"whitespace-normal\">The Beatles<\/span><\/span>, um dos pontos mais ic\u00f4nicos da m\u00fasica mundial.<\/p>","protected":false},"excerpt":{"rendered":"<p>Tour Panor\u00e2mico em Londres \u2013 7 horas Uma imers\u00e3o profunda pela capital brit\u00e2nica, combinando realeza, hist\u00f3ria medieval, pol\u00edtica, cultura urbana e refer\u00eancias da m\u00fasica mundial. Buckingham PalaceResid\u00eancia oficial do rei [&hellip;]<\/p>\n","protected":false},"featured_media":9745,"comment_status":"open","ping_status":"closed","template":"","meta":{"pagelayer_contact_templates":[],"_pagelayer_content":""},"product_brand":[],"product_cat":[15],"product_tag":[],"class_list":{"0":"post-9711","1":"product","2":"type-product","3":"status-publish","4":"has-post-thumbnail","6":"brw_tour_types-passeios-curtos","7":"brw_tour_types-passeios-longos","8":"product_cat-uncategorized","10":"first","11":"instock","12":"shipping-taxable","13":"purchasable","14":"product-type-ovabrw_car_rental","15":"add-to-wishlist-after_add_to_cart"},"jetpack_sharing_enabled":true,"_links":{"self":[{"href":"https:\/\/londrestour.com.br\/pt\/wp-json\/wp\/v2\/product\/9711","targetHints":{"allow":["GET"]}}],"collection":[{"href":"https:\/\/londrestour.com.br\/pt\/wp-json\/wp\/v2\/product"}],"about":[{"href":"https:\/\/londrestour.com.br\/pt\/wp-json\/wp\/v2\/types\/product"}],"replies":[{"embeddable":true,"href":"https:\/\/londrestour.com.br\/pt\/wp-json\/wp\/v2\/comments?post=9711"}],"wp:featuredmedia":[{"embeddable":true,"href":"https:\/\/londrestour.com.br\/pt\/wp-json\/wp\/v2\/media\/9745"}],"wp:attachment":[{"href":"https:\/\/londrestour.com.br\/pt\/wp-json\/wp\/v2\/media?parent=9711"}],"wp:term":[{"taxonomy":"product_brand","embeddable":true,"href":"https:\/\/londrestour.com.br\/pt\/wp-json\/wp\/v2\/product_brand?post=9711"},{"taxonomy":"product_cat","embeddable":true,"href":"https:\/\/londrestour.com.br\/pt\/wp-json\/wp\/v2\/product_cat?post=9711"},{"taxonomy":"product_tag","embeddable":true,"href":"https:\/\/londrestour.com.br\/pt\/wp-json\/wp\/v2\/product_tag?post=9711"}],"curies":[{"name":"wp","href":"https:\/\/api.w.org\/{rel}","templated":true}]}}