{"id":9712,"date":"2026-01-31T21:59:34","date_gmt":"2026-01-31T21:59:34","guid":{"rendered":"https:\/\/londresviagenseturis1767731715000.1952042.meusitehostgator.com.br\/?post_type=product&#038;p=9712"},"modified":"2026-03-23T13:37:03","modified_gmt":"2026-03-23T13:37:03","slug":"london-by-night-4-horas-3","status":"publish","type":"product","link":"https:\/\/londrestour.com.br\/pt\/produto\/london-by-night-4-horas-3\/","title":{"rendered":"London by night 4 horas"},"content":{"rendered":"<h2 data-start=\"118\" data-end=\"144\">Tour Noturno em Londres<\/h2>\n<p data-start=\"146\" data-end=\"306\">Descubra os \u00edcones da capital brit\u00e2nica sob uma nova perspectiva. \u00c0 noite, a cidade ganha ilumina\u00e7\u00e3o especial, atmosfera sofisticada e cen\u00e1rios dignos de filme.<\/p>\n<p data-start=\"308\" data-end=\"437\"><strong data-start=\"308\" data-end=\"349\"><span class=\"hover:entity-accent entity-underline inline cursor-pointer align-baseline\"><span class=\"whitespace-normal\">Buckingham Palace<\/span><\/span><\/strong><br data-start=\"349\" data-end=\"352\" \/>S\u00edmbolo m\u00e1ximo da monarquia brit\u00e2nica, ainda mais majestoso sob a ilumina\u00e7\u00e3o noturna.<\/p>\n<p data-start=\"439\" data-end=\"581\"><strong data-start=\"439\" data-end=\"480\"><span class=\"hover:entity-accent entity-underline inline cursor-pointer align-baseline\"><span class=\"whitespace-normal\">Westminster Abbey<\/span><\/span><\/strong><br data-start=\"480\" data-end=\"483\" \/>Ber\u00e7o das coroa\u00e7\u00f5es reais, com sua arquitetura g\u00f3tica iluminada criando um cen\u00e1rio impressionante.<\/p>\n<p data-start=\"583\" data-end=\"716\"><strong data-start=\"583\" data-end=\"624\"><span class=\"hover:entity-accent entity-underline inline cursor-pointer align-baseline\"><span class=\"whitespace-normal\">Big Ben<\/span><\/span><\/strong><br data-start=\"624\" data-end=\"627\" \/>O guardi\u00e3o do tempo londrino brilha no horizonte, tornando-se ainda mais ic\u00f4nico \u00e0 noite.<\/p>\n<p data-start=\"718\" data-end=\"850\"><strong data-start=\"718\" data-end=\"759\"><span class=\"hover:entity-accent entity-underline inline cursor-pointer align-baseline\"><span class=\"whitespace-normal\">Palace of Westminster<\/span><\/span><\/strong><br data-start=\"759\" data-end=\"762\" \/>O cora\u00e7\u00e3o pol\u00edtico do Reino Unido ganha impon\u00eancia extra \u00e0s margens do T\u00e2misa iluminado.<\/p>\n<p data-start=\"852\" data-end=\"977\"><strong data-start=\"852\" data-end=\"893\"><span class=\"hover:entity-accent entity-underline inline cursor-pointer align-baseline\"><span class=\"whitespace-normal\">London Eye<\/span><\/span><\/strong><br data-start=\"893\" data-end=\"896\" \/>Com luzes refletindo no rio, oferece uma das vistas mais deslumbrantes da cidade.<\/p>\n<p data-start=\"979\" data-end=\"1095\"><strong data-start=\"979\" data-end=\"1020\"><span class=\"hover:entity-accent entity-underline inline cursor-pointer align-baseline\"><span class=\"whitespace-normal\">Trafalgar Square<\/span><\/span><\/strong><br data-start=\"1020\" data-end=\"1023\" \/>Centro cultural vibrante que mant\u00e9m sua energia mesmo ap\u00f3s o p\u00f4r do sol.<\/p>\n<p data-start=\"1097\" data-end=\"1220\"><strong data-start=\"1097\" data-end=\"1138\"><span class=\"hover:entity-accent entity-underline inline cursor-pointer align-baseline\"><span class=\"whitespace-normal\">St James&#8217;s Palace<\/span><\/span><\/strong><br data-start=\"1138\" data-end=\"1141\" \/>Tradi\u00e7\u00e3o aristocr\u00e1tica e eleg\u00e2ncia brit\u00e2nica em um cen\u00e1rio noturno sofisticado.<\/p>","protected":false},"excerpt":{"rendered":"<p>Tour Noturno em Londres Descubra os \u00edcones da capital brit\u00e2nica sob uma nova perspectiva. \u00c0 noite, a cidade ganha ilumina\u00e7\u00e3o especial, atmosfera sofisticada e cen\u00e1rios dignos de filme. Buckingham PalaceS\u00edmbolo [&hellip;]<\/p>\n","protected":false},"featured_media":9781,"comment_status":"open","ping_status":"closed","template":"","meta":{"pagelayer_contact_templates":[],"_pagelayer_content":""},"product_brand":[],"product_cat":[110,106,15],"product_tag":[],"class_list":{"0":"post-9712","1":"product","2":"type-product","3":"status-publish","4":"has-post-thumbnail","6":"brw_tour_types-passeios-curtos","7":"product_cat-city-tour-londres","8":"product_cat-passeios","9":"product_cat-uncategorized","11":"first","12":"instock","13":"shipping-taxable","14":"purchasable","15":"product-type-ovabrw_car_rental","16":"add-to-wishlist-after_add_to_cart"},"jetpack_sharing_enabled":true,"_links":{"self":[{"href":"https:\/\/londrestour.com.br\/pt\/wp-json\/wp\/v2\/product\/9712","targetHints":{"allow":["GET"]}}],"collection":[{"href":"https:\/\/londrestour.com.br\/pt\/wp-json\/wp\/v2\/product"}],"about":[{"href":"https:\/\/londrestour.com.br\/pt\/wp-json\/wp\/v2\/types\/product"}],"replies":[{"embeddable":true,"href":"https:\/\/londrestour.com.br\/pt\/wp-json\/wp\/v2\/comments?post=9712"}],"wp:featuredmedia":[{"embeddable":true,"href":"https:\/\/londrestour.com.br\/pt\/wp-json\/wp\/v2\/media\/9781"}],"wp:attachment":[{"href":"https:\/\/londrestour.com.br\/pt\/wp-json\/wp\/v2\/media?parent=9712"}],"wp:term":[{"taxonomy":"product_brand","embeddable":true,"href":"https:\/\/londrestour.com.br\/pt\/wp-json\/wp\/v2\/product_brand?post=9712"},{"taxonomy":"product_cat","embeddable":true,"href":"https:\/\/londrestour.com.br\/pt\/wp-json\/wp\/v2\/product_cat?post=9712"},{"taxonomy":"product_tag","embeddable":true,"href":"https:\/\/londrestour.com.br\/pt\/wp-json\/wp\/v2\/product_tag?post=9712"}],"curies":[{"name":"wp","href":"https:\/\/api.w.org\/{rel}","templated":true}]}}