{"id":9714,"date":"2026-01-31T22:13:45","date_gmt":"2026-01-31T22:13:45","guid":{"rendered":"https:\/\/londresviagenseturis1767731715000.1952042.meusitehostgator.com.br\/?post_type=product&#038;p=9714"},"modified":"2026-03-23T13:44:48","modified_gmt":"2026-03-23T13:44:48","slug":"harry-potter-studio-5-horas-2","status":"publish","type":"product","link":"https:\/\/londrestour.com.br\/pt\/produto\/harry-potter-studio-5-horas-2\/","title":{"rendered":"Harry Potter studio 5 horas"},"content":{"rendered":"<h3 data-start=\"147\" data-end=\"185\">Harry Potter Studio Tour \u2013 5 horas<\/h3>\n<p data-start=\"187\" data-end=\"388\">Viva uma experi\u00eancia m\u00e1gica no <strong data-start=\"218\" data-end=\"246\">Harry Potter Studio Tour<\/strong>, um passeio imperd\u00edvel para f\u00e3s da saga e para quem deseja conhecer os bastidores de um dos universos cinematogr\u00e1ficos mais famosos do mundo.<\/p>\n<p data-start=\"390\" data-end=\"676\">Durante o tour de 5 horas, voc\u00ea ter\u00e1 a oportunidade de explorar os cen\u00e1rios originais dos filmes, figurinos, objetos ic\u00f4nicos e efeitos especiais utilizados nas grava\u00e7\u00f5es. Caminhe por locais emblem\u00e1ticos como o Grande Sal\u00e3o, o Beco Diagonal e outras \u00e1reas que deram vida ao mundo bruxo.<\/p>\n<p data-start=\"678\" data-end=\"859\">O passeio permite tempo suficiente para aproveitar cada detalhe, tirar fotos, visitar a loja oficial e mergulhar na hist\u00f3ria por tr\u00e1s das filmagens, tudo com conforto e organiza\u00e7\u00e3o.<\/p>\n<p data-start=\"861\" data-end=\"969\">Uma experi\u00eancia envolvente, nost\u00e1lgica e simplesmente inesquec\u00edvel \u2014 perfeita para adultos e crian\u00e7as<\/p>","protected":false},"excerpt":{"rendered":"<p>Harry Potter Studio Tour \u2013 5 horas Viva uma experi\u00eancia m\u00e1gica no Harry Potter Studio Tour, um passeio imperd\u00edvel para f\u00e3s da saga e para quem deseja conhecer os bastidores [&hellip;]<\/p>\n","protected":false},"featured_media":9499,"comment_status":"open","ping_status":"closed","template":"","meta":{"pagelayer_contact_templates":[],"_pagelayer_content":""},"product_brand":[],"product_cat":[117],"product_tag":[],"class_list":{"0":"post-9714","1":"product","2":"type-product","3":"status-publish","4":"has-post-thumbnail","6":"brw_tour_types-passeios-curtos","7":"product_cat-harry-potter","9":"first","10":"instock","11":"shipping-taxable","12":"purchasable","13":"product-type-ovabrw_car_rental","14":"add-to-wishlist-after_add_to_cart"},"jetpack_sharing_enabled":true,"_links":{"self":[{"href":"https:\/\/londrestour.com.br\/pt\/wp-json\/wp\/v2\/product\/9714","targetHints":{"allow":["GET"]}}],"collection":[{"href":"https:\/\/londrestour.com.br\/pt\/wp-json\/wp\/v2\/product"}],"about":[{"href":"https:\/\/londrestour.com.br\/pt\/wp-json\/wp\/v2\/types\/product"}],"replies":[{"embeddable":true,"href":"https:\/\/londrestour.com.br\/pt\/wp-json\/wp\/v2\/comments?post=9714"}],"wp:featuredmedia":[{"embeddable":true,"href":"https:\/\/londrestour.com.br\/pt\/wp-json\/wp\/v2\/media\/9499"}],"wp:attachment":[{"href":"https:\/\/londrestour.com.br\/pt\/wp-json\/wp\/v2\/media?parent=9714"}],"wp:term":[{"taxonomy":"product_brand","embeddable":true,"href":"https:\/\/londrestour.com.br\/pt\/wp-json\/wp\/v2\/product_brand?post=9714"},{"taxonomy":"product_cat","embeddable":true,"href":"https:\/\/londrestour.com.br\/pt\/wp-json\/wp\/v2\/product_cat?post=9714"},{"taxonomy":"product_tag","embeddable":true,"href":"https:\/\/londrestour.com.br\/pt\/wp-json\/wp\/v2\/product_tag?post=9714"}],"curies":[{"name":"wp","href":"https:\/\/api.w.org\/{rel}","templated":true}]}}