{"id":9716,"date":"2026-01-31T23:24:20","date_gmt":"2026-01-31T23:24:20","guid":{"rendered":"https:\/\/londresviagenseturis1767731715000.1952042.meusitehostgator.com.br\/?post_type=product&#038;p=9716"},"modified":"2026-03-23T13:55:30","modified_gmt":"2026-03-23T13:55:30","slug":"peppa-pig-world-london","status":"publish","type":"product","link":"https:\/\/londrestour.com.br\/pt\/produto\/peppa-pig-world-london\/","title":{"rendered":"Peppa Pig World \u2013 London 8 horas"},"content":{"rendered":"<h3 data-start=\"141\" data-end=\"180\">Peppa Pig World \u2013 Londres (8 horas)<\/h3>\n<p data-start=\"182\" data-end=\"426\">Um passeio encantador, ideal para fam\u00edlias com crian\u00e7as. O <strong data-start=\"241\" data-end=\"260\">Peppa Pig World<\/strong>, localizado dentro do Paultons Park, \u00e9 totalmente dedicado ao universo da personagem, com atra\u00e7\u00f5es tem\u00e1ticas, cen\u00e1rios interativos e muita divers\u00e3o para os pequenos.<\/p>\n<p data-start=\"428\" data-end=\"627\">O tour de 8 horas permite aproveitar o parque com tranquilidade, garantindo conforto no deslocamento e tempo suficiente para curtir as atra\u00e7\u00f5es, tirar fotos e criar mem\u00f3rias inesquec\u00edveis em fam\u00edlia.<\/p>\n<p data-start=\"629\" data-end=\"714\">Divers\u00e3o, praticidade e um dia pensado especialmente para quem viaja com crian\u00e7as<\/p>","protected":false},"excerpt":{"rendered":"<p>Peppa Pig World \u2013 Londres (8 horas) Um passeio encantador, ideal para fam\u00edlias com crian\u00e7as. O Peppa Pig World, localizado dentro do Paultons Park, \u00e9 totalmente dedicado ao universo da [&hellip;]<\/p>\n","protected":false},"featured_media":9796,"comment_status":"open","ping_status":"closed","template":"","meta":{"pagelayer_contact_templates":[],"_pagelayer_content":""},"product_brand":[],"product_cat":[168],"product_tag":[171,172,169,170],"class_list":{"0":"post-9716","1":"product","2":"type-product","3":"status-publish","4":"has-post-thumbnail","6":"brw_tour_types-passeios-curtos","7":"brw_tour_types-passeios-longos","8":"product_cat-peppa-pig-world","9":"product_tag-pepa","10":"product_tag-peppa","11":"product_tag-peppa-pig","12":"product_tag-word","14":"first","15":"instock","16":"shipping-taxable","17":"purchasable","18":"product-type-ovabrw_car_rental","19":"add-to-wishlist-after_add_to_cart"},"jetpack_sharing_enabled":true,"_links":{"self":[{"href":"https:\/\/londrestour.com.br\/pt\/wp-json\/wp\/v2\/product\/9716","targetHints":{"allow":["GET"]}}],"collection":[{"href":"https:\/\/londrestour.com.br\/pt\/wp-json\/wp\/v2\/product"}],"about":[{"href":"https:\/\/londrestour.com.br\/pt\/wp-json\/wp\/v2\/types\/product"}],"replies":[{"embeddable":true,"href":"https:\/\/londrestour.com.br\/pt\/wp-json\/wp\/v2\/comments?post=9716"}],"wp:featuredmedia":[{"embeddable":true,"href":"https:\/\/londrestour.com.br\/pt\/wp-json\/wp\/v2\/media\/9796"}],"wp:attachment":[{"href":"https:\/\/londrestour.com.br\/pt\/wp-json\/wp\/v2\/media?parent=9716"}],"wp:term":[{"taxonomy":"product_brand","embeddable":true,"href":"https:\/\/londrestour.com.br\/pt\/wp-json\/wp\/v2\/product_brand?post=9716"},{"taxonomy":"product_cat","embeddable":true,"href":"https:\/\/londrestour.com.br\/pt\/wp-json\/wp\/v2\/product_cat?post=9716"},{"taxonomy":"product_tag","embeddable":true,"href":"https:\/\/londrestour.com.br\/pt\/wp-json\/wp\/v2\/product_tag?post=9716"}],"curies":[{"name":"wp","href":"https:\/\/api.w.org\/{rel}","templated":true}]}}