{"id":9717,"date":"2026-01-31T23:38:57","date_gmt":"2026-01-31T23:38:57","guid":{"rendered":"https:\/\/londresviagenseturis1767731715000.1952042.meusitehostgator.com.br\/?post_type=product&#038;p=9717"},"modified":"2026-03-23T14:00:50","modified_gmt":"2026-03-23T14:00:50","slug":"pais-de-gales","status":"publish","type":"product","link":"https:\/\/londrestour.com.br\/pt\/produto\/pais-de-gales\/","title":{"rendered":"Pa\u00eds de gales"},"content":{"rendered":"<h3 data-start=\"721\" data-end=\"749\"><span dir=\"auto\" style=\"vertical-align: inherit;\"><span dir=\"auto\" style=\"vertical-align: inherit;\">Pa\u00eds de Gales (10 horas)<\/span><\/span><\/h3>\n<p data-start=\"751\" data-end=\"1009\">Explore o charme e a identidade \u00fanica do <strong data-start=\"792\" data-end=\"809\">Pa\u00eds de Gales<\/strong> em um tour de 10 horas repleto de paisagens naturais, vilarejos hist\u00f3ricos e cultura local. Um passeio perfeito para quem deseja sair do \u00f3bvio e conhecer uma regi\u00e3o cheia de hist\u00f3ria e personalidade.<\/p>\n<p data-start=\"1011\" data-end=\"1175\">Durante o trajeto, \u00e9 poss\u00edvel apreciar castelos, cen\u00e1rios naturais impressionantes e cidades que preservam tradi\u00e7\u00f5es seculares, tudo com conforto e ritmo tranquilo.<\/p>\n<p data-start=\"1177\" data-end=\"1235\">Uma experi\u00eancia rica, aut\u00eantica e cheia de contrastes<\/p>","protected":false},"excerpt":{"rendered":"<p>Pa\u00eds de Gales (10 horas) Explore o charme e a identidade \u00fanica do Pa\u00eds de Gales em um tour de 10 horas repleto de paisagens naturais, vilarejos hist\u00f3ricos e cultura [&hellip;]<\/p>\n","protected":false},"featured_media":9620,"comment_status":"open","ping_status":"closed","template":"","meta":{"pagelayer_contact_templates":[],"_pagelayer_content":""},"product_brand":[],"product_cat":[15],"product_tag":[173,174],"class_list":{"0":"post-9717","1":"product","2":"type-product","3":"status-publish","4":"has-post-thumbnail","6":"brw_tour_types-passeios-longos","7":"product_cat-uncategorized","8":"product_tag-galles","9":"product_tag-pais-de-gales","11":"first","12":"instock","13":"shipping-taxable","14":"purchasable","15":"product-type-ovabrw_car_rental","16":"add-to-wishlist-after_add_to_cart"},"jetpack_sharing_enabled":true,"_links":{"self":[{"href":"https:\/\/londrestour.com.br\/pt\/wp-json\/wp\/v2\/product\/9717","targetHints":{"allow":["GET"]}}],"collection":[{"href":"https:\/\/londrestour.com.br\/pt\/wp-json\/wp\/v2\/product"}],"about":[{"href":"https:\/\/londrestour.com.br\/pt\/wp-json\/wp\/v2\/types\/product"}],"replies":[{"embeddable":true,"href":"https:\/\/londrestour.com.br\/pt\/wp-json\/wp\/v2\/comments?post=9717"}],"wp:featuredmedia":[{"embeddable":true,"href":"https:\/\/londrestour.com.br\/pt\/wp-json\/wp\/v2\/media\/9620"}],"wp:attachment":[{"href":"https:\/\/londrestour.com.br\/pt\/wp-json\/wp\/v2\/media?parent=9717"}],"wp:term":[{"taxonomy":"product_brand","embeddable":true,"href":"https:\/\/londrestour.com.br\/pt\/wp-json\/wp\/v2\/product_brand?post=9717"},{"taxonomy":"product_cat","embeddable":true,"href":"https:\/\/londrestour.com.br\/pt\/wp-json\/wp\/v2\/product_cat?post=9717"},{"taxonomy":"product_tag","embeddable":true,"href":"https:\/\/londrestour.com.br\/pt\/wp-json\/wp\/v2\/product_tag?post=9717"}],"curies":[{"name":"wp","href":"https:\/\/api.w.org\/{rel}","templated":true}]}}