{"id":9718,"date":"2026-02-01T00:19:50","date_gmt":"2026-02-01T00:19:50","guid":{"rendered":"https:\/\/londresviagenseturis1767731715000.1952042.meusitehostgator.com.br\/?post_type=product&#038;p=9718"},"modified":"2026-03-23T14:05:35","modified_gmt":"2026-03-23T14:05:35","slug":"leeds-castle-canterbury-cathedral","status":"publish","type":"product","link":"https:\/\/londrestour.com.br\/pt\/produto\/leeds-castle-canterbury-cathedral\/","title":{"rendered":"Leeds castle + Canterbury cathedral 10 horas"},"content":{"rendered":"<h3 data-start=\"1242\" data-end=\"1292\"><span dir=\"auto\" style=\"vertical-align: inherit;\"><span dir=\"auto\" style=\"vertical-align: inherit;\">Castelo de Leeds + Catedral de Canterbury (10 horas)<\/span><\/span><\/h3>\n<p data-start=\"1294\" data-end=\"1528\">Descubra dois dos destinos mais ic\u00f4nicos do interior da Inglaterra em um \u00fanico passeio. O <strong data-start=\"1384\" data-end=\"1400\">Leeds Castle<\/strong>, cercado por jardins e lagos, \u00e9 considerado um dos castelos mais bonitos do pa\u00eds e impressiona pela sua hist\u00f3ria e arquitetura.<\/p>\n<p data-start=\"1530\" data-end=\"1794\">Na sequ\u00eancia, o tour segue para <strong data-start=\"1562\" data-end=\"1576\">Canterbury<\/strong>, onde est\u00e1 localizada a famosa <strong data-start=\"1608\" data-end=\"1634\">Catedral de Canterbury<\/strong>, um dos mais importantes marcos religiosos da Inglaterra. O passeio pelo centro hist\u00f3rico complementa a experi\u00eancia com ruas charmosas e constru\u00e7\u00f5es medievais.<\/p>\n<p data-start=\"1796\" data-end=\"1855\">Um tour completo, elegante e culturalmente enriquecedor<\/p>","protected":false},"excerpt":{"rendered":"<p>Castelo de Leeds + Catedral de Canterbury (10 horas) Descubra dois dos destinos mais ic\u00f4nicos do interior da Inglaterra em um \u00fanico passeio. O Leeds Castle, cercado por jardins e [&hellip;]<\/p>\n","protected":false},"featured_media":9807,"comment_status":"open","ping_status":"closed","template":"","meta":{"pagelayer_contact_templates":[],"_pagelayer_content":""},"product_brand":[],"product_cat":[175],"product_tag":[],"class_list":{"0":"post-9718","1":"product","2":"type-product","3":"status-publish","4":"has-post-thumbnail","6":"brw_tour_types-passeios-longos","7":"product_cat-leeds-castle-canterbur","9":"first","10":"instock","11":"shipping-taxable","12":"purchasable","13":"product-type-ovabrw_car_rental","14":"add-to-wishlist-after_add_to_cart"},"jetpack_sharing_enabled":true,"_links":{"self":[{"href":"https:\/\/londrestour.com.br\/pt\/wp-json\/wp\/v2\/product\/9718","targetHints":{"allow":["GET"]}}],"collection":[{"href":"https:\/\/londrestour.com.br\/pt\/wp-json\/wp\/v2\/product"}],"about":[{"href":"https:\/\/londrestour.com.br\/pt\/wp-json\/wp\/v2\/types\/product"}],"replies":[{"embeddable":true,"href":"https:\/\/londrestour.com.br\/pt\/wp-json\/wp\/v2\/comments?post=9718"}],"wp:featuredmedia":[{"embeddable":true,"href":"https:\/\/londrestour.com.br\/pt\/wp-json\/wp\/v2\/media\/9807"}],"wp:attachment":[{"href":"https:\/\/londrestour.com.br\/pt\/wp-json\/wp\/v2\/media?parent=9718"}],"wp:term":[{"taxonomy":"product_brand","embeddable":true,"href":"https:\/\/londrestour.com.br\/pt\/wp-json\/wp\/v2\/product_brand?post=9718"},{"taxonomy":"product_cat","embeddable":true,"href":"https:\/\/londrestour.com.br\/pt\/wp-json\/wp\/v2\/product_cat?post=9718"},{"taxonomy":"product_tag","embeddable":true,"href":"https:\/\/londrestour.com.br\/pt\/wp-json\/wp\/v2\/product_tag?post=9718"}],"curies":[{"name":"wp","href":"https:\/\/api.w.org\/{rel}","templated":true}]}}