{"id":9720,"date":"2026-02-01T00:31:54","date_gmt":"2026-02-01T00:31:54","guid":{"rendered":"https:\/\/londresviagenseturis1767731715000.1952042.meusitehostgator.com.br\/?post_type=product&#038;p=9720"},"modified":"2026-03-23T14:09:13","modified_gmt":"2026-03-23T14:09:13","slug":"bath-stonehenge","status":"publish","type":"product","link":"https:\/\/londrestour.com.br\/pt\/produto\/bath-stonehenge\/","title":{"rendered":"Bath + Stonehenge 10 horas"},"content":{"rendered":"<h3 data-start=\"125\" data-end=\"159\"><span dir=\"auto\" style=\"vertical-align: inherit;\"><span dir=\"auto\" style=\"vertical-align: inherit;\">Bath + Stonehenge (8 a 10 horas)<\/span><\/span><\/h3>\n<p data-start=\"161\" data-end=\"412\">Um passeio que une hist\u00f3ria, mist\u00e9rio e eleg\u00e2ncia brit\u00e2nica. O tour combina a charmosa cidade de <strong data-start=\"258\" data-end=\"266\">Bath<\/strong>, conhecida por sua arquitetura georgiana e heran\u00e7a romana, com a visita a <strong data-start=\"341\" data-end=\"355\">Stonehenge<\/strong>, um dos monumentos pr\u00e9-hist\u00f3ricos mais famosos do mundo.<\/p>\n<p data-start=\"414\" data-end=\"634\">Durante o trajeto, voc\u00ea poder\u00e1 apreciar paisagens do interior da Inglaterra e conhecer dois destinos ic\u00f4nicos em um \u00fanico dia. \u00c9 um passeio equilibrado, ideal para quem busca cultura, hist\u00f3ria e cen\u00e1rios impressionantes.<\/p>\n<p data-start=\"636\" data-end=\"698\">Uma experi\u00eancia marcante, cheia de simbolismo e tradi\u00e7\u00e3o<\/p>","protected":false},"excerpt":{"rendered":"<p>Bath + Stonehenge (8 a 10 horas) Um passeio que une hist\u00f3ria, mist\u00e9rio e eleg\u00e2ncia brit\u00e2nica. O tour combina a charmosa cidade de Bath, conhecida por sua arquitetura georgiana e [&hellip;]<\/p>\n","protected":false},"featured_media":9626,"comment_status":"open","ping_status":"closed","template":"","meta":{"pagelayer_contact_templates":[],"_pagelayer_content":""},"product_brand":[],"product_cat":[118],"product_tag":[],"class_list":{"0":"post-9720","1":"product","2":"type-product","3":"status-publish","4":"has-post-thumbnail","6":"brw_tour_types-passeios-longos","7":"product_cat-bath-stonehenge","9":"first","10":"instock","11":"shipping-taxable","12":"purchasable","13":"product-type-ovabrw_car_rental","14":"add-to-wishlist-after_add_to_cart"},"jetpack_sharing_enabled":true,"_links":{"self":[{"href":"https:\/\/londrestour.com.br\/pt\/wp-json\/wp\/v2\/product\/9720","targetHints":{"allow":["GET"]}}],"collection":[{"href":"https:\/\/londrestour.com.br\/pt\/wp-json\/wp\/v2\/product"}],"about":[{"href":"https:\/\/londrestour.com.br\/pt\/wp-json\/wp\/v2\/types\/product"}],"replies":[{"embeddable":true,"href":"https:\/\/londrestour.com.br\/pt\/wp-json\/wp\/v2\/comments?post=9720"}],"wp:featuredmedia":[{"embeddable":true,"href":"https:\/\/londrestour.com.br\/pt\/wp-json\/wp\/v2\/media\/9626"}],"wp:attachment":[{"href":"https:\/\/londrestour.com.br\/pt\/wp-json\/wp\/v2\/media?parent=9720"}],"wp:term":[{"taxonomy":"product_brand","embeddable":true,"href":"https:\/\/londrestour.com.br\/pt\/wp-json\/wp\/v2\/product_brand?post=9720"},{"taxonomy":"product_cat","embeddable":true,"href":"https:\/\/londrestour.com.br\/pt\/wp-json\/wp\/v2\/product_cat?post=9720"},{"taxonomy":"product_tag","embeddable":true,"href":"https:\/\/londrestour.com.br\/pt\/wp-json\/wp\/v2\/product_tag?post=9720"}],"curies":[{"name":"wp","href":"https:\/\/api.w.org\/{rel}","templated":true}]}}