{"id":9723,"date":"2026-02-01T01:00:16","date_gmt":"2026-02-01T01:00:16","guid":{"rendered":"https:\/\/londresviagenseturis1767731715000.1952042.meusitehostgator.com.br\/?post_type=product&#038;p=9723"},"modified":"2026-03-23T14:17:25","modified_gmt":"2026-03-23T14:17:25","slug":"windsor-stonehenge","status":"publish","type":"product","link":"https:\/\/londrestour.com.br\/pt\/produto\/windsor-stonehenge\/","title":{"rendered":"Windsor + Stonehenge 12 horas"},"content":{"rendered":"<h3 data-start=\"1294\" data-end=\"1332\">Windsor + Stonehenge (10\u201312 horas)<\/h3>\n<p data-start=\"1334\" data-end=\"1572\">Conhe\u00e7a dois dos destinos mais emblem\u00e1ticos da Inglaterra em um \u00fanico passeio. O tour inclui <strong data-start=\"1427\" data-end=\"1438\">Windsor<\/strong>, onde est\u00e1 localizado o famoso castelo real, resid\u00eancia oficial da monarquia brit\u00e2nica, al\u00e9m de ruas hist\u00f3ricas e um centro charmoso.<\/p>\n<p data-start=\"1574\" data-end=\"1798\">Na sequ\u00eancia, a experi\u00eancia continua em <strong data-start=\"1614\" data-end=\"1628\">Stonehenge<\/strong>, um dos maiores enigmas da humanidade, cercado de hist\u00f3ria, curiosidade e paisagens abertas. O contraste entre realeza e mist\u00e9rio torna esse passeio ainda mais especial.<\/p>","protected":false},"excerpt":{"rendered":"<p>Windsor + Stonehenge (10\u201312 horas) Conhe\u00e7a dois dos destinos mais emblem\u00e1ticos da Inglaterra em um \u00fanico passeio. O tour inclui Windsor, onde est\u00e1 localizado o famoso castelo real, resid\u00eancia oficial [&hellip;]<\/p>\n","protected":false},"featured_media":9834,"comment_status":"open","ping_status":"closed","template":"","meta":{"pagelayer_contact_templates":[],"_pagelayer_content":""},"product_brand":[],"product_cat":[118,15],"product_tag":[],"class_list":{"0":"post-9723","1":"product","2":"type-product","3":"status-publish","4":"has-post-thumbnail","6":"brw_tour_types-passeios-longos","7":"product_cat-bath-stonehenge","8":"product_cat-uncategorized","10":"first","11":"instock","12":"shipping-taxable","13":"purchasable","14":"product-type-ovabrw_car_rental","15":"add-to-wishlist-after_add_to_cart"},"jetpack_sharing_enabled":true,"_links":{"self":[{"href":"https:\/\/londrestour.com.br\/pt\/wp-json\/wp\/v2\/product\/9723","targetHints":{"allow":["GET"]}}],"collection":[{"href":"https:\/\/londrestour.com.br\/pt\/wp-json\/wp\/v2\/product"}],"about":[{"href":"https:\/\/londrestour.com.br\/pt\/wp-json\/wp\/v2\/types\/product"}],"replies":[{"embeddable":true,"href":"https:\/\/londrestour.com.br\/pt\/wp-json\/wp\/v2\/comments?post=9723"}],"wp:featuredmedia":[{"embeddable":true,"href":"https:\/\/londrestour.com.br\/pt\/wp-json\/wp\/v2\/media\/9834"}],"wp:attachment":[{"href":"https:\/\/londrestour.com.br\/pt\/wp-json\/wp\/v2\/media?parent=9723"}],"wp:term":[{"taxonomy":"product_brand","embeddable":true,"href":"https:\/\/londrestour.com.br\/pt\/wp-json\/wp\/v2\/product_brand?post=9723"},{"taxonomy":"product_cat","embeddable":true,"href":"https:\/\/londrestour.com.br\/pt\/wp-json\/wp\/v2\/product_cat?post=9723"},{"taxonomy":"product_tag","embeddable":true,"href":"https:\/\/londrestour.com.br\/pt\/wp-json\/wp\/v2\/product_tag?post=9723"}],"curies":[{"name":"wp","href":"https:\/\/api.w.org\/{rel}","templated":true}]}}