{"id":9724,"date":"2026-02-01T14:08:07","date_gmt":"2026-02-01T14:08:07","guid":{"rendered":"https:\/\/londresviagenseturis1767731715000.1952042.meusitehostgator.com.br\/?post_type=product&#038;p=9724"},"modified":"2026-03-23T14:21:33","modified_gmt":"2026-03-23T14:21:33","slug":"windsor","status":"publish","type":"product","link":"https:\/\/londrestour.com.br\/pt\/produto\/windsor\/","title":{"rendered":"Windsor 6 horas"},"content":{"rendered":"<p data-start=\"173\" data-end=\"436\">Descubra <strong data-start=\"182\" data-end=\"193\">Windsor<\/strong>, uma das cidades mais tradicionais da Inglaterra, conhecida por sua forte liga\u00e7\u00e3o com a fam\u00edlia real brit\u00e2nica. O passeio permite explorar o centro hist\u00f3rico, caminhar pelas ruas charmosas e apreciar a atmosfera elegante que envolve a cidade.<\/p>\n<p data-start=\"438\" data-end=\"628\">Com um tour de 6 horas, \u00e9 poss\u00edvel conhecer os principais pontos da regi\u00e3o com tranquilidade, aproveitando o tempo para fotos, passeios a p\u00e9 e momentos livres para explorar o com\u00e9rcio local.<\/p>\n<p data-start=\"630\" data-end=\"713\">Um passeio cl\u00e1ssico, elegante e perfeito para quem busca hist\u00f3ria e sofistica\u00e7\u00e3o<\/p>","protected":false},"excerpt":{"rendered":"<p>Descubra Windsor, uma das cidades mais tradicionais da Inglaterra, conhecida por sua forte liga\u00e7\u00e3o com a fam\u00edlia real brit\u00e2nica. O passeio permite explorar o centro hist\u00f3rico, caminhar pelas ruas charmosas [&hellip;]<\/p>\n","protected":false},"featured_media":9835,"comment_status":"open","ping_status":"closed","template":"","meta":{"pagelayer_contact_templates":[],"_pagelayer_content":""},"product_brand":[],"product_cat":[15],"product_tag":[180],"class_list":{"0":"post-9724","1":"product","2":"type-product","3":"status-publish","4":"has-post-thumbnail","6":"brw_tour_types-passeios-curtos","7":"product_cat-uncategorized","8":"product_tag-windsor","10":"first","11":"instock","12":"shipping-taxable","13":"purchasable","14":"product-type-ovabrw_car_rental","15":"add-to-wishlist-after_add_to_cart"},"jetpack_sharing_enabled":true,"_links":{"self":[{"href":"https:\/\/londrestour.com.br\/pt\/wp-json\/wp\/v2\/product\/9724","targetHints":{"allow":["GET"]}}],"collection":[{"href":"https:\/\/londrestour.com.br\/pt\/wp-json\/wp\/v2\/product"}],"about":[{"href":"https:\/\/londrestour.com.br\/pt\/wp-json\/wp\/v2\/types\/product"}],"replies":[{"embeddable":true,"href":"https:\/\/londrestour.com.br\/pt\/wp-json\/wp\/v2\/comments?post=9724"}],"wp:featuredmedia":[{"embeddable":true,"href":"https:\/\/londrestour.com.br\/pt\/wp-json\/wp\/v2\/media\/9835"}],"wp:attachment":[{"href":"https:\/\/londrestour.com.br\/pt\/wp-json\/wp\/v2\/media?parent=9724"}],"wp:term":[{"taxonomy":"product_brand","embeddable":true,"href":"https:\/\/londrestour.com.br\/pt\/wp-json\/wp\/v2\/product_brand?post=9724"},{"taxonomy":"product_cat","embeddable":true,"href":"https:\/\/londrestour.com.br\/pt\/wp-json\/wp\/v2\/product_cat?post=9724"},{"taxonomy":"product_tag","embeddable":true,"href":"https:\/\/londrestour.com.br\/pt\/wp-json\/wp\/v2\/product_tag?post=9724"}],"curies":[{"name":"wp","href":"https:\/\/api.w.org\/{rel}","templated":true}]}}