{"id":9729,"date":"2026-02-01T15:12:37","date_gmt":"2026-02-01T15:12:37","guid":{"rendered":"https:\/\/londresviagenseturis1767731715000.1952042.meusitehostgator.com.br\/?post_type=product&#038;p=9729"},"modified":"2026-03-23T14:34:30","modified_gmt":"2026-03-23T14:34:30","slug":"bicester-village-windsor","status":"publish","type":"product","link":"https:\/\/londrestour.com.br\/pt\/produto\/bicester-village-windsor\/","title":{"rendered":"Bicester village + Windsor 12 horas"},"content":{"rendered":"<h3 data-start=\"701\" data-end=\"745\"><span dir=\"auto\" style=\"vertical-align: inherit;\"><span dir=\"auto\" style=\"vertical-align: inherit;\">Bicester Village + Windsor (10\u201312 horas)<\/span><\/span><\/h3>\n<p data-start=\"747\" data-end=\"926\"><span dir=\"auto\" style=\"vertical-align: inherit;\"><span dir=\"auto\" style=\"vertical-align: inherit;\">Um passeio completo que combina compras e hist\u00f3ria em um \u00fanico dia. O passeio come\u00e7a em <\/span><\/span><strong data-start=\"832\" data-end=\"852\"><span dir=\"auto\" style=\"vertical-align: inherit;\"><span dir=\"auto\" style=\"vertical-align: inherit;\">Bicester Village<\/span><\/span><\/strong><span dir=\"auto\" style=\"vertical-align: inherit;\"><span dir=\"auto\" style=\"vertical-align: inherit;\"> , com tempo dedicado para aproveitar as lojas e as melhores oportunidades.<\/span><\/span><\/p>\n<p data-start=\"928\" data-end=\"1102\">Na sequ\u00eancia, o roteiro segue para <strong data-start=\"963\" data-end=\"974\">Windsor<\/strong>, cidade marcada pela tradi\u00e7\u00e3o real, ruas hist\u00f3ricas e atmosfera elegante. O equil\u00edbrio perfeito entre lazer, compras e cultura.<\/p>\n<p data-start=\"1104\" data-end=\"1208\">Uma experi\u00eancia vers\u00e1til e bem planejada, ideal para quem quer aproveitar o melhor dos dois mundos<\/p>","protected":false},"excerpt":{"rendered":"<p>Bicester Village + Windsor (10\u201312 horas) Um passeio completo que combina compras e hist\u00f3ria em um \u00fanico dia. O passeio come\u00e7a em Bicester Village , com tempo dedicado para aproveitar [&hellip;]<\/p>\n","protected":false},"featured_media":9638,"comment_status":"open","ping_status":"closed","template":"","meta":{"pagelayer_contact_templates":[],"_pagelayer_content":""},"product_brand":[],"product_cat":[184],"product_tag":[185],"class_list":{"0":"post-9729","1":"product","2":"type-product","3":"status-publish","4":"has-post-thumbnail","6":"brw_tour_types-passeios-longos","7":"product_cat-bicester-village","8":"product_tag-bicester-village","10":"first","11":"instock","12":"shipping-taxable","13":"purchasable","14":"product-type-ovabrw_car_rental","15":"add-to-wishlist-after_add_to_cart"},"jetpack_sharing_enabled":true,"_links":{"self":[{"href":"https:\/\/londrestour.com.br\/pt\/wp-json\/wp\/v2\/product\/9729","targetHints":{"allow":["GET"]}}],"collection":[{"href":"https:\/\/londrestour.com.br\/pt\/wp-json\/wp\/v2\/product"}],"about":[{"href":"https:\/\/londrestour.com.br\/pt\/wp-json\/wp\/v2\/types\/product"}],"replies":[{"embeddable":true,"href":"https:\/\/londrestour.com.br\/pt\/wp-json\/wp\/v2\/comments?post=9729"}],"wp:featuredmedia":[{"embeddable":true,"href":"https:\/\/londrestour.com.br\/pt\/wp-json\/wp\/v2\/media\/9638"}],"wp:attachment":[{"href":"https:\/\/londrestour.com.br\/pt\/wp-json\/wp\/v2\/media?parent=9729"}],"wp:term":[{"taxonomy":"product_brand","embeddable":true,"href":"https:\/\/londrestour.com.br\/pt\/wp-json\/wp\/v2\/product_brand?post=9729"},{"taxonomy":"product_cat","embeddable":true,"href":"https:\/\/londrestour.com.br\/pt\/wp-json\/wp\/v2\/product_cat?post=9729"},{"taxonomy":"product_tag","embeddable":true,"href":"https:\/\/londrestour.com.br\/pt\/wp-json\/wp\/v2\/product_tag?post=9729"}],"curies":[{"name":"wp","href":"https:\/\/api.w.org\/{rel}","templated":true}]}}