{"id":9730,"date":"2026-02-01T15:19:40","date_gmt":"2026-02-01T15:19:40","guid":{"rendered":"https:\/\/londresviagenseturis1767731715000.1952042.meusitehostgator.com.br\/?post_type=product&#038;p=9730"},"modified":"2026-03-23T15:24:32","modified_gmt":"2026-03-23T15:24:32","slug":"silverstone","status":"publish","type":"product","link":"https:\/\/londrestour.com.br\/pt\/produto\/silverstone\/","title":{"rendered":"Silverstone 12 horas"},"content":{"rendered":"<h3 data-start=\"1215\" data-end=\"1244\">Silverstone (10\u201312 horas)<\/h3>\n<p data-start=\"1246\" data-end=\"1416\">Conhe\u00e7a <strong data-start=\"1254\" data-end=\"1269\">Silverstone<\/strong>, um dos circuitos mais ic\u00f4nicos do automobilismo mundial. Este passeio \u00e9 perfeito para f\u00e3s de velocidade, F\u00f3rmula 1 e hist\u00f3ria do esporte a motor.<\/p>\n<p data-start=\"1418\" data-end=\"1588\">Durante o tour, voc\u00ea poder\u00e1 visitar a regi\u00e3o do aut\u00f3dromo, explorar \u00e1reas externas e vivenciar o clima que envolve um dos palcos mais famosos das corridas internacionais.<\/p>\n<p data-start=\"1590\" data-end=\"1651\">Um passeio diferente, emocionante e cheio de adrenalina<\/p>","protected":false},"excerpt":{"rendered":"<p>Silverstone (10\u201312 horas) Conhe\u00e7a Silverstone, um dos circuitos mais ic\u00f4nicos do automobilismo mundial. Este passeio \u00e9 perfeito para f\u00e3s de velocidade, F\u00f3rmula 1 e hist\u00f3ria do esporte a motor. Durante [&hellip;]<\/p>\n","protected":false},"featured_media":1033,"comment_status":"open","ping_status":"closed","template":"","meta":{"pagelayer_contact_templates":[],"_pagelayer_content":""},"product_brand":[],"product_cat":[186,15],"product_tag":[],"class_list":{"0":"post-9730","1":"product","2":"type-product","3":"status-publish","4":"has-post-thumbnail","6":"brw_tour_types-passeios-longos","7":"product_cat-silverstone","8":"product_cat-uncategorized","10":"first","11":"instock","12":"shipping-taxable","13":"purchasable","14":"product-type-ovabrw_car_rental","15":"add-to-wishlist-after_add_to_cart"},"jetpack_sharing_enabled":true,"_links":{"self":[{"href":"https:\/\/londrestour.com.br\/pt\/wp-json\/wp\/v2\/product\/9730","targetHints":{"allow":["GET"]}}],"collection":[{"href":"https:\/\/londrestour.com.br\/pt\/wp-json\/wp\/v2\/product"}],"about":[{"href":"https:\/\/londrestour.com.br\/pt\/wp-json\/wp\/v2\/types\/product"}],"replies":[{"embeddable":true,"href":"https:\/\/londrestour.com.br\/pt\/wp-json\/wp\/v2\/comments?post=9730"}],"wp:featuredmedia":[{"embeddable":true,"href":"https:\/\/londrestour.com.br\/pt\/wp-json\/wp\/v2\/media\/1033"}],"wp:attachment":[{"href":"https:\/\/londrestour.com.br\/pt\/wp-json\/wp\/v2\/media?parent=9730"}],"wp:term":[{"taxonomy":"product_brand","embeddable":true,"href":"https:\/\/londrestour.com.br\/pt\/wp-json\/wp\/v2\/product_brand?post=9730"},{"taxonomy":"product_cat","embeddable":true,"href":"https:\/\/londrestour.com.br\/pt\/wp-json\/wp\/v2\/product_cat?post=9730"},{"taxonomy":"product_tag","embeddable":true,"href":"https:\/\/londrestour.com.br\/pt\/wp-json\/wp\/v2\/product_tag?post=9730"}],"curies":[{"name":"wp","href":"https:\/\/api.w.org\/{rel}","templated":true}]}}