{"id":9731,"date":"2026-02-01T15:25:43","date_gmt":"2026-02-01T15:25:43","guid":{"rendered":"https:\/\/londresviagenseturis1767731715000.1952042.meusitehostgator.com.br\/?post_type=product&#038;p=9731"},"modified":"2026-03-23T14:45:25","modified_gmt":"2026-03-23T14:45:25","slug":"hampton-palace-court","status":"publish","type":"product","link":"https:\/\/londrestour.com.br\/pt\/produto\/hampton-palace-court\/","title":{"rendered":"Hampton Palace Court 5 horas"},"content":{"rendered":"<p data-start=\"182\" data-end=\"414\"><span dir=\"auto\" style=\"vertical-align: inherit;\"><span dir=\"auto\" style=\"vertical-align: inherit;\">Descubra o charme e a grandiosidade do <\/span><\/span><strong data-start=\"221\" data-end=\"245\"><span dir=\"auto\" style=\"vertical-align: inherit;\"><span dir=\"auto\" style=\"vertical-align: inherit;\">Hampton Court Palace<\/span><\/span><\/strong><span dir=\"auto\" style=\"vertical-align: inherit;\"><span dir=\"auto\" style=\"vertical-align: inherit;\"> , um dos pal\u00e1cios mais impressionantes da Inglaterra. Antiga resid\u00eancia do rei Henrique VIII, o local encanta pela arquitetura, jardins impec\u00e1veis \u200b\u200be atmosfera hist\u00f3rica.<\/span><\/span><\/p>\n<p data-start=\"416\" data-end=\"608\">O tour de 5 horas \u00e9 ideal para quem deseja uma experi\u00eancia cultural rica, com tempo para explorar os ambientes, caminhar pelos jardins e apreciar cada detalhe desse \u00edcone da realeza brit\u00e2nica.<\/p>\n<p data-start=\"610\" data-end=\"667\">Um passeio cl\u00e1ssico, sofisticado e cheio de hist\u00f3ria<\/p>","protected":false},"excerpt":{"rendered":"<p>Descubra o charme e a grandiosidade do Hampton Court Palace , um dos pal\u00e1cios mais impressionantes da Inglaterra. Antiga resid\u00eancia do rei Henrique VIII, o local encanta pela arquitetura, jardins [&hellip;]<\/p>\n","protected":false},"featured_media":9642,"comment_status":"open","ping_status":"closed","template":"","meta":{"pagelayer_contact_templates":[],"_pagelayer_content":""},"product_brand":[],"product_cat":[187],"product_tag":[],"class_list":{"0":"post-9731","1":"product","2":"type-product","3":"status-publish","4":"has-post-thumbnail","6":"brw_tour_types-passeios-curtos","7":"product_cat-hampton-palace","9":"first","10":"instock","11":"shipping-taxable","12":"purchasable","13":"product-type-ovabrw_car_rental","14":"add-to-wishlist-after_add_to_cart"},"jetpack_sharing_enabled":true,"_links":{"self":[{"href":"https:\/\/londrestour.com.br\/pt\/wp-json\/wp\/v2\/product\/9731","targetHints":{"allow":["GET"]}}],"collection":[{"href":"https:\/\/londrestour.com.br\/pt\/wp-json\/wp\/v2\/product"}],"about":[{"href":"https:\/\/londrestour.com.br\/pt\/wp-json\/wp\/v2\/types\/product"}],"replies":[{"embeddable":true,"href":"https:\/\/londrestour.com.br\/pt\/wp-json\/wp\/v2\/comments?post=9731"}],"wp:featuredmedia":[{"embeddable":true,"href":"https:\/\/londrestour.com.br\/pt\/wp-json\/wp\/v2\/media\/9642"}],"wp:attachment":[{"href":"https:\/\/londrestour.com.br\/pt\/wp-json\/wp\/v2\/media?parent=9731"}],"wp:term":[{"taxonomy":"product_brand","embeddable":true,"href":"https:\/\/londrestour.com.br\/pt\/wp-json\/wp\/v2\/product_brand?post=9731"},{"taxonomy":"product_cat","embeddable":true,"href":"https:\/\/londrestour.com.br\/pt\/wp-json\/wp\/v2\/product_cat?post=9731"},{"taxonomy":"product_tag","embeddable":true,"href":"https:\/\/londrestour.com.br\/pt\/wp-json\/wp\/v2\/product_tag?post=9731"}],"curies":[{"name":"wp","href":"https:\/\/api.w.org\/{rel}","templated":true}]}}