{"id":9732,"date":"2026-02-01T15:33:20","date_gmt":"2026-02-01T15:33:20","guid":{"rendered":"https:\/\/londresviagenseturis1767731715000.1952042.meusitehostgator.com.br\/?post_type=product&#038;p=9732"},"modified":"2026-03-23T14:53:39","modified_gmt":"2026-03-23T14:53:39","slug":"hampton-palace-court-windsor-castle","status":"publish","type":"product","link":"https:\/\/londrestour.com.br\/pt\/produto\/hampton-palace-court-windsor-castle\/","title":{"rendered":"Hampton Palace Court + Windsor castle 8 horas"},"content":{"rendered":"<h3 data-start=\"674\" data-end=\"718\"><span dir=\"auto\" style=\"vertical-align: inherit;\"><span dir=\"auto\" style=\"vertical-align: inherit;\">Hampton Palace Court + Windsor (8 horas)<\/span><\/span><\/h3>\n<p data-start=\"720\" data-end=\"970\">Um roteiro que combina dois grandes s\u00edmbolos da monarquia brit\u00e2nica. O passeio come\u00e7a no <strong data-start=\"809\" data-end=\"833\">Hampton Court Palace<\/strong>, com sua arquitetura marcante e legado hist\u00f3rico, e segue para <strong data-start=\"897\" data-end=\"908\">Windsor<\/strong>, cidade conhecida por seu castelo imponente e ruas charmosas.<\/p>\n<p data-start=\"972\" data-end=\"1109\">Com tempo bem distribu\u00eddo entre os destinos, o tour oferece uma experi\u00eancia equilibrada entre cultura, hist\u00f3ria e paisagens encantadoras.<\/p>\n<p data-start=\"1111\" data-end=\"1190\">Perfeito para quem quer vivenciar o melhor da tradi\u00e7\u00e3o real em um \u00fanico dia<\/p>","protected":false},"excerpt":{"rendered":"<p>Hampton Palace Court + Windsor (8 horas) Um roteiro que combina dois grandes s\u00edmbolos da monarquia brit\u00e2nica. O passeio come\u00e7a no Hampton Court Palace, com sua arquitetura marcante e legado [&hellip;]<\/p>\n","protected":false},"featured_media":9648,"comment_status":"open","ping_status":"closed","template":"","meta":{"pagelayer_contact_templates":[],"_pagelayer_content":""},"product_brand":[],"product_cat":[187],"product_tag":[],"class_list":{"0":"post-9732","1":"product","2":"type-product","3":"status-publish","4":"has-post-thumbnail","6":"brw_tour_types-passeios-longos","7":"product_cat-hampton-palace","9":"first","10":"instock","11":"shipping-taxable","12":"purchasable","13":"product-type-ovabrw_car_rental","14":"add-to-wishlist-after_add_to_cart"},"jetpack_sharing_enabled":true,"_links":{"self":[{"href":"https:\/\/londrestour.com.br\/pt\/wp-json\/wp\/v2\/product\/9732","targetHints":{"allow":["GET"]}}],"collection":[{"href":"https:\/\/londrestour.com.br\/pt\/wp-json\/wp\/v2\/product"}],"about":[{"href":"https:\/\/londrestour.com.br\/pt\/wp-json\/wp\/v2\/types\/product"}],"replies":[{"embeddable":true,"href":"https:\/\/londrestour.com.br\/pt\/wp-json\/wp\/v2\/comments?post=9732"}],"wp:featuredmedia":[{"embeddable":true,"href":"https:\/\/londrestour.com.br\/pt\/wp-json\/wp\/v2\/media\/9648"}],"wp:attachment":[{"href":"https:\/\/londrestour.com.br\/pt\/wp-json\/wp\/v2\/media?parent=9732"}],"wp:term":[{"taxonomy":"product_brand","embeddable":true,"href":"https:\/\/londrestour.com.br\/pt\/wp-json\/wp\/v2\/product_brand?post=9732"},{"taxonomy":"product_cat","embeddable":true,"href":"https:\/\/londrestour.com.br\/pt\/wp-json\/wp\/v2\/product_cat?post=9732"},{"taxonomy":"product_tag","embeddable":true,"href":"https:\/\/londrestour.com.br\/pt\/wp-json\/wp\/v2\/product_tag?post=9732"}],"curies":[{"name":"wp","href":"https:\/\/api.w.org\/{rel}","templated":true}]}}