{"id":9733,"date":"2026-02-01T15:42:21","date_gmt":"2026-02-01T15:42:21","guid":{"rendered":"https:\/\/londresviagenseturis1767731715000.1952042.meusitehostgator.com.br\/?post_type=product&#038;p=9733"},"modified":"2026-03-23T14:57:58","modified_gmt":"2026-03-23T14:57:58","slug":"hampton-palace-court-stonehenge","status":"publish","type":"product","link":"https:\/\/londrestour.com.br\/pt\/produto\/hampton-palace-court-stonehenge\/","title":{"rendered":"Hampton Palace Court + Stonehenge 10 horas"},"content":{"rendered":"<h3 data-start=\"1197\" data-end=\"1245\"><span dir=\"auto\" style=\"vertical-align: inherit;\"><span dir=\"auto\" style=\"vertical-align: inherit;\"><span dir=\"auto\" style=\"vertical-align: inherit;\"><span dir=\"auto\" style=\"vertical-align: inherit;\">Hampton Palace Court + Stonehenge (10 horas)<\/span><\/span><\/span><\/span><\/h3>\n<p data-start=\"1247\" data-end=\"1477\">Um passeio que une realeza e mist\u00e9rio em um \u00fanico roteiro. A experi\u00eancia come\u00e7a no <strong data-start=\"1330\" data-end=\"1354\">Hampton Court Palace<\/strong>, repleto de hist\u00f3ria e eleg\u00e2ncia, e segue para <strong data-start=\"1402\" data-end=\"1416\">Stonehenge<\/strong>, um dos monumentos pr\u00e9-hist\u00f3ricos mais enigm\u00e1ticos do mundo.<\/p>\n<p data-start=\"1479\" data-end=\"1641\">O contraste entre a sofistica\u00e7\u00e3o do pal\u00e1cio e o simbolismo ancestral de Stonehenge torna esse tour \u00fanico e memor\u00e1vel, com paisagens incr\u00edveis ao longo do caminho.<\/p>\n<p data-start=\"1643\" data-end=\"1699\">Uma experi\u00eancia completa, impactante e inesquec\u00edvel<\/p>","protected":false},"excerpt":{"rendered":"<p>Hampton Palace Court + Stonehenge (10 horas) Um passeio que une realeza e mist\u00e9rio em um \u00fanico roteiro. A experi\u00eancia come\u00e7a no Hampton Court Palace, repleto de hist\u00f3ria e eleg\u00e2ncia, [&hellip;]<\/p>\n","protected":false},"featured_media":9650,"comment_status":"open","ping_status":"closed","template":"","meta":{"pagelayer_contact_templates":[],"_pagelayer_content":""},"product_brand":[],"product_cat":[118,187],"product_tag":[],"class_list":{"0":"post-9733","1":"product","2":"type-product","3":"status-publish","4":"has-post-thumbnail","6":"brw_tour_types-passeios-longos","7":"product_cat-bath-stonehenge","8":"product_cat-hampton-palace","10":"first","11":"instock","12":"shipping-taxable","13":"purchasable","14":"product-type-ovabrw_car_rental","15":"add-to-wishlist-after_add_to_cart"},"jetpack_sharing_enabled":true,"_links":{"self":[{"href":"https:\/\/londrestour.com.br\/pt\/wp-json\/wp\/v2\/product\/9733","targetHints":{"allow":["GET"]}}],"collection":[{"href":"https:\/\/londrestour.com.br\/pt\/wp-json\/wp\/v2\/product"}],"about":[{"href":"https:\/\/londrestour.com.br\/pt\/wp-json\/wp\/v2\/types\/product"}],"replies":[{"embeddable":true,"href":"https:\/\/londrestour.com.br\/pt\/wp-json\/wp\/v2\/comments?post=9733"}],"wp:featuredmedia":[{"embeddable":true,"href":"https:\/\/londrestour.com.br\/pt\/wp-json\/wp\/v2\/media\/9650"}],"wp:attachment":[{"href":"https:\/\/londrestour.com.br\/pt\/wp-json\/wp\/v2\/media?parent=9733"}],"wp:term":[{"taxonomy":"product_brand","embeddable":true,"href":"https:\/\/londrestour.com.br\/pt\/wp-json\/wp\/v2\/product_brand?post=9733"},{"taxonomy":"product_cat","embeddable":true,"href":"https:\/\/londrestour.com.br\/pt\/wp-json\/wp\/v2\/product_cat?post=9733"},{"taxonomy":"product_tag","embeddable":true,"href":"https:\/\/londrestour.com.br\/pt\/wp-json\/wp\/v2\/product_tag?post=9733"}],"curies":[{"name":"wp","href":"https:\/\/api.w.org\/{rel}","templated":true}]}}