{"id":9734,"date":"2026-02-01T15:57:36","date_gmt":"2026-02-01T15:57:36","guid":{"rendered":"https:\/\/londresviagenseturis1767731715000.1952042.meusitehostgator.com.br\/?post_type=product&#038;p=9734"},"modified":"2026-03-23T15:03:13","modified_gmt":"2026-03-23T15:03:13","slug":"blenheim-palace","status":"publish","type":"product","link":"https:\/\/londrestour.com.br\/pt\/produto\/blenheim-palace\/","title":{"rendered":"Blenheim palace 5 horas"},"content":{"rendered":"<h3 data-start=\"152\" data-end=\"181\">Blenheim Palace (5 horas)<\/h3>\n<p data-start=\"183\" data-end=\"424\">Visite o imponente <strong data-start=\"202\" data-end=\"221\">Blenheim Palace<\/strong>, um dos pal\u00e1cios mais grandiosos da Inglaterra e Patrim\u00f4nio Mundial da UNESCO. Famoso por sua arquitetura monumental e jardins deslumbrantes, o local \u00e9 tamb\u00e9m o local de nascimento de Winston Churchill.<\/p>\n<p data-start=\"426\" data-end=\"589\">O tour de 5 horas permite explorar o pal\u00e1cio e seus arredores com tranquilidade, apreciando a riqueza hist\u00f3rica, os detalhes arquitet\u00f4nicos e a beleza dos jardins.<\/p>\n<p data-start=\"591\" data-end=\"646\">Um passeio elegante, cultural e repleto de hist\u00f3ria<\/p>","protected":false},"excerpt":{"rendered":"<p>Blenheim Palace (5 horas) Visite o imponente Blenheim Palace, um dos pal\u00e1cios mais grandiosos da Inglaterra e Patrim\u00f4nio Mundial da UNESCO. Famoso por sua arquitetura monumental e jardins deslumbrantes, o [&hellip;]<\/p>\n","protected":false},"featured_media":9659,"comment_status":"open","ping_status":"closed","template":"","meta":{"pagelayer_contact_templates":[],"_pagelayer_content":""},"product_brand":[],"product_cat":[189],"product_tag":[],"class_list":{"0":"post-9734","1":"product","2":"type-product","3":"status-publish","4":"has-post-thumbnail","6":"brw_tour_types-passeios-curtos","7":"product_cat-blenheim-palace","9":"first","10":"instock","11":"shipping-taxable","12":"purchasable","13":"product-type-ovabrw_car_rental","14":"add-to-wishlist-after_add_to_cart"},"jetpack_sharing_enabled":true,"_links":{"self":[{"href":"https:\/\/londrestour.com.br\/pt\/wp-json\/wp\/v2\/product\/9734","targetHints":{"allow":["GET"]}}],"collection":[{"href":"https:\/\/londrestour.com.br\/pt\/wp-json\/wp\/v2\/product"}],"about":[{"href":"https:\/\/londrestour.com.br\/pt\/wp-json\/wp\/v2\/types\/product"}],"replies":[{"embeddable":true,"href":"https:\/\/londrestour.com.br\/pt\/wp-json\/wp\/v2\/comments?post=9734"}],"wp:featuredmedia":[{"embeddable":true,"href":"https:\/\/londrestour.com.br\/pt\/wp-json\/wp\/v2\/media\/9659"}],"wp:attachment":[{"href":"https:\/\/londrestour.com.br\/pt\/wp-json\/wp\/v2\/media?parent=9734"}],"wp:term":[{"taxonomy":"product_brand","embeddable":true,"href":"https:\/\/londrestour.com.br\/pt\/wp-json\/wp\/v2\/product_brand?post=9734"},{"taxonomy":"product_cat","embeddable":true,"href":"https:\/\/londrestour.com.br\/pt\/wp-json\/wp\/v2\/product_cat?post=9734"},{"taxonomy":"product_tag","embeddable":true,"href":"https:\/\/londrestour.com.br\/pt\/wp-json\/wp\/v2\/product_tag?post=9734"}],"curies":[{"name":"wp","href":"https:\/\/api.w.org\/{rel}","templated":true}]}}