{"id":9735,"date":"2026-02-01T16:03:24","date_gmt":"2026-02-01T16:03:24","guid":{"rendered":"https:\/\/londresviagenseturis1767731715000.1952042.meusitehostgator.com.br\/?post_type=product&#038;p=9735"},"modified":"2026-03-23T15:05:37","modified_gmt":"2026-03-23T15:05:37","slug":"blenheim-oxford","status":"publish","type":"product","link":"https:\/\/londrestour.com.br\/pt\/produto\/blenheim-oxford\/","title":{"rendered":"Blenheim + Oxford 10  horas"},"content":{"rendered":"<h3 data-start=\"653\" data-end=\"694\">Blenheim Palace + Oxford (8\u201310 horas)<\/h3>\n<p data-start=\"696\" data-end=\"958\">Um tour que combina dois grandes s\u00edmbolos da hist\u00f3ria e da cultura brit\u00e2nica. O passeio come\u00e7a no <strong data-start=\"794\" data-end=\"813\">Blenheim Palace<\/strong>, com sua impon\u00eancia e import\u00e2ncia hist\u00f3rica, e segue para <strong data-start=\"872\" data-end=\"882\">Oxford<\/strong>, cidade conhecida mundialmente por sua universidade e arquitetura cl\u00e1ssica.<\/p>\n<p data-start=\"960\" data-end=\"1114\">Durante o roteiro, \u00e9 poss\u00edvel caminhar pelo centro hist\u00f3rico de Oxford, apreciar seus col\u00e9gios tradicionais e vivenciar o clima acad\u00eamico \u00fanico da cidade.<\/p>\n<p data-start=\"1116\" data-end=\"1187\">Uma experi\u00eancia completa, equilibrada e extremamente enriquecedora<\/p>","protected":false},"excerpt":{"rendered":"<p>Blenheim Palace + Oxford (8\u201310 horas) Um tour que combina dois grandes s\u00edmbolos da hist\u00f3ria e da cultura brit\u00e2nica. O passeio come\u00e7a no Blenheim Palace, com sua impon\u00eancia e import\u00e2ncia [&hellip;]<\/p>\n","protected":false},"featured_media":9875,"comment_status":"open","ping_status":"closed","template":"","meta":{"pagelayer_contact_templates":[],"_pagelayer_content":""},"product_brand":[],"product_cat":[189],"product_tag":[],"class_list":{"0":"post-9735","1":"product","2":"type-product","3":"status-publish","4":"has-post-thumbnail","6":"brw_tour_types-passeios-curtos","7":"product_cat-blenheim-palace","9":"first","10":"instock","11":"shipping-taxable","12":"purchasable","13":"product-type-ovabrw_car_rental","14":"add-to-wishlist-after_add_to_cart"},"jetpack_sharing_enabled":true,"_links":{"self":[{"href":"https:\/\/londrestour.com.br\/pt\/wp-json\/wp\/v2\/product\/9735","targetHints":{"allow":["GET"]}}],"collection":[{"href":"https:\/\/londrestour.com.br\/pt\/wp-json\/wp\/v2\/product"}],"about":[{"href":"https:\/\/londrestour.com.br\/pt\/wp-json\/wp\/v2\/types\/product"}],"replies":[{"embeddable":true,"href":"https:\/\/londrestour.com.br\/pt\/wp-json\/wp\/v2\/comments?post=9735"}],"wp:featuredmedia":[{"embeddable":true,"href":"https:\/\/londrestour.com.br\/pt\/wp-json\/wp\/v2\/media\/9875"}],"wp:attachment":[{"href":"https:\/\/londrestour.com.br\/pt\/wp-json\/wp\/v2\/media?parent=9735"}],"wp:term":[{"taxonomy":"product_brand","embeddable":true,"href":"https:\/\/londrestour.com.br\/pt\/wp-json\/wp\/v2\/product_brand?post=9735"},{"taxonomy":"product_cat","embeddable":true,"href":"https:\/\/londrestour.com.br\/pt\/wp-json\/wp\/v2\/product_cat?post=9735"},{"taxonomy":"product_tag","embeddable":true,"href":"https:\/\/londrestour.com.br\/pt\/wp-json\/wp\/v2\/product_tag?post=9735"}],"curies":[{"name":"wp","href":"https:\/\/api.w.org\/{rel}","templated":true}]}}