{"id":9736,"date":"2026-02-01T16:09:55","date_gmt":"2026-02-01T16:09:55","guid":{"rendered":"https:\/\/londresviagenseturis1767731715000.1952042.meusitehostgator.com.br\/?post_type=product&#038;p=9736"},"modified":"2026-03-23T15:07:29","modified_gmt":"2026-03-23T15:07:29","slug":"liverpool","status":"publish","type":"product","link":"https:\/\/londrestour.com.br\/pt\/produto\/liverpool\/","title":{"rendered":"Liverpool 14 horas"},"content":{"rendered":"<h3 data-start=\"1194\" data-end=\"1218\"><span dir=\"auto\" style=\"vertical-align: inherit;\"><span dir=\"auto\" style=\"vertical-align: inherit;\">Liverpool (14h)<\/span><\/span><\/h3>\n<p data-start=\"1220\" data-end=\"1468\">Descubra <strong data-start=\"1229\" data-end=\"1242\">Liverpool<\/strong>, uma cidade vibrante, cheia de hist\u00f3ria, cultura e personalidade. Conhecida mundialmente por sua liga\u00e7\u00e3o com a m\u00fasica, o futebol e sua import\u00e2ncia portu\u00e1ria, Liverpool oferece um passeio urbano din\u00e2mico e cheio de contrastes.<\/p>\n<p data-start=\"1470\" data-end=\"1683\">O tour de 14 horas permite conhecer os principais pontos da cidade, caminhar por \u00e1reas hist\u00f3ricas, apreciar a arquitetura e sentir a energia \u00fanica que faz de Liverpool um dos destinos mais marcantes da Inglaterra.<\/p>\n<p data-start=\"1685\" data-end=\"1733\">Um passeio intenso, aut\u00eantico e inesquec\u00edvel<\/p>","protected":false},"excerpt":{"rendered":"<p>Liverpool (14h) Descubra Liverpool, uma cidade vibrante, cheia de hist\u00f3ria, cultura e personalidade. Conhecida mundialmente por sua liga\u00e7\u00e3o com a m\u00fasica, o futebol e sua import\u00e2ncia portu\u00e1ria, Liverpool oferece um [&hellip;]<\/p>\n","protected":false},"featured_media":9500,"comment_status":"open","ping_status":"closed","template":"","meta":{"pagelayer_contact_templates":[],"_pagelayer_content":""},"product_brand":[],"product_cat":[188],"product_tag":[],"class_list":{"0":"post-9736","1":"product","2":"type-product","3":"status-publish","4":"has-post-thumbnail","6":"product_cat-liverpool","8":"first","9":"instock","10":"shipping-taxable","11":"purchasable","12":"product-type-ovabrw_car_rental","13":"add-to-wishlist-after_add_to_cart"},"jetpack_sharing_enabled":true,"_links":{"self":[{"href":"https:\/\/londrestour.com.br\/pt\/wp-json\/wp\/v2\/product\/9736","targetHints":{"allow":["GET"]}}],"collection":[{"href":"https:\/\/londrestour.com.br\/pt\/wp-json\/wp\/v2\/product"}],"about":[{"href":"https:\/\/londrestour.com.br\/pt\/wp-json\/wp\/v2\/types\/product"}],"replies":[{"embeddable":true,"href":"https:\/\/londrestour.com.br\/pt\/wp-json\/wp\/v2\/comments?post=9736"}],"wp:featuredmedia":[{"embeddable":true,"href":"https:\/\/londrestour.com.br\/pt\/wp-json\/wp\/v2\/media\/9500"}],"wp:attachment":[{"href":"https:\/\/londrestour.com.br\/pt\/wp-json\/wp\/v2\/media?parent=9736"}],"wp:term":[{"taxonomy":"product_brand","embeddable":true,"href":"https:\/\/londrestour.com.br\/pt\/wp-json\/wp\/v2\/product_brand?post=9736"},{"taxonomy":"product_cat","embeddable":true,"href":"https:\/\/londrestour.com.br\/pt\/wp-json\/wp\/v2\/product_cat?post=9736"},{"taxonomy":"product_tag","embeddable":true,"href":"https:\/\/londrestour.com.br\/pt\/wp-json\/wp\/v2\/product_tag?post=9736"}],"curies":[{"name":"wp","href":"https:\/\/api.w.org\/{rel}","templated":true}]}}