{"id":9738,"date":"2026-02-01T16:24:35","date_gmt":"2026-02-01T16:24:35","guid":{"rendered":"https:\/\/londresviagenseturis1767731715000.1952042.meusitehostgator.com.br\/?post_type=product&#038;p=9738"},"modified":"2026-03-23T13:30:38","modified_gmt":"2026-03-23T13:30:38","slug":"walk-tour-londres-roteiro-estendido","status":"publish","type":"product","link":"https:\/\/londrestour.com.br\/pt\/produto\/walk-tour-londres-roteiro-estendido\/","title":{"rendered":"Walk tour Londres (roteiro estendido)"},"content":{"rendered":"<h2 data-start=\"134\" data-end=\"188\">Walking Tour \u2013\u00a0 7h | Experi\u00eancia Personalizada<\/h2>\n<p data-start=\"190\" data-end=\"301\">Um roteiro exclusivo, criado sob medida de acordo com os interesses, prioridades e estilo de viagem do cliente.<\/p>\n<p data-start=\"303\" data-end=\"479\">Cada experi\u00eancia \u00e9 planejada individualmente, seja para explorar \u00edcones hist\u00f3ricos, bairros charmosos, cultura local, compras, gastronomia ou pontos menos explorados da cidade.<\/p>\n<p data-start=\"481\" data-end=\"664\">O tour \u00e9 realizado utilizando transportes p\u00fablicos \u2014 metr\u00f4, \u00f4nibus e trem \u2014 proporcionando uma viv\u00eancia aut\u00eantica da rotina londrina, com mobilidade inteligente e otimiza\u00e7\u00e3o de tempo.<\/p>\n<p data-start=\"666\" data-end=\"795\">Din\u00e2mico, adapt\u00e1vel e cuidadosamente estruturado para garantir conforto, fluidez e uma experi\u00eancia verdadeiramente personalizada.<\/p>\n<p data-start=\"797\" data-end=\"864\" data-is-last-node=\"\" data-is-only-node=\"\">Uma forma estrat\u00e9gica e sofisticada de viver Londres al\u00e9m do \u00f3bvio.<\/p>","protected":false},"excerpt":{"rendered":"<p>Walking Tour \u2013\u00a0 7h | Experi\u00eancia Personalizada Um roteiro exclusivo, criado sob medida de acordo com os interesses, prioridades e estilo de viagem do cliente. Cada experi\u00eancia \u00e9 planejada individualmente, [&hellip;]<\/p>\n","protected":false},"featured_media":9886,"comment_status":"open","ping_status":"closed","template":"","meta":{"pagelayer_contact_templates":[],"_pagelayer_content":""},"product_brand":[],"product_cat":[110],"product_tag":[],"class_list":{"0":"post-9738","1":"product","2":"type-product","3":"status-publish","4":"has-post-thumbnail","6":"product_cat-city-tour-londres","8":"first","9":"instock","10":"shipping-taxable","11":"purchasable","12":"product-type-ovabrw_car_rental","13":"add-to-wishlist-after_add_to_cart"},"jetpack_sharing_enabled":true,"_links":{"self":[{"href":"https:\/\/londrestour.com.br\/pt\/wp-json\/wp\/v2\/product\/9738","targetHints":{"allow":["GET"]}}],"collection":[{"href":"https:\/\/londrestour.com.br\/pt\/wp-json\/wp\/v2\/product"}],"about":[{"href":"https:\/\/londrestour.com.br\/pt\/wp-json\/wp\/v2\/types\/product"}],"replies":[{"embeddable":true,"href":"https:\/\/londrestour.com.br\/pt\/wp-json\/wp\/v2\/comments?post=9738"}],"wp:featuredmedia":[{"embeddable":true,"href":"https:\/\/londrestour.com.br\/pt\/wp-json\/wp\/v2\/media\/9886"}],"wp:attachment":[{"href":"https:\/\/londrestour.com.br\/pt\/wp-json\/wp\/v2\/media?parent=9738"}],"wp:term":[{"taxonomy":"product_brand","embeddable":true,"href":"https:\/\/londrestour.com.br\/pt\/wp-json\/wp\/v2\/product_brand?post=9738"},{"taxonomy":"product_cat","embeddable":true,"href":"https:\/\/londrestour.com.br\/pt\/wp-json\/wp\/v2\/product_cat?post=9738"},{"taxonomy":"product_tag","embeddable":true,"href":"https:\/\/londrestour.com.br\/pt\/wp-json\/wp\/v2\/product_tag?post=9738"}],"curies":[{"name":"wp","href":"https:\/\/api.w.org\/{rel}","templated":true}]}}